{"id":10023,"date":"2011-03-17T11:06:36","date_gmt":"2011-03-17T09:06:36","guid":{"rendered":"https:\/\/shoptest.ocshop.ch\/produkt\/tuyau-acoustique-en-pvc-etroit-coude\/"},"modified":"2011-03-17T11:06:36","modified_gmt":"2011-03-17T09:06:36","slug":"tuyau-acoustique-en-pvc-etroit-coude","status":"publish","type":"product","link":"https:\/\/www.ocshop.ch\/fr\/produkt\/tuyau-acoustique-en-pvc-etroit-coude\/","title":{"rendered":"Tuyau acoustique en PVC, \u00e9troit, coud\u00e9"},"content":{"rendered":"<div class=\"variant-description\">\n<p>Tube acoustique en PVC, pr\u00e9-courb\u00e9<\/p>\n<p>Couleur : transparent<br \/>\nPaquet de 10 pi\u00e8ces<\/p>\n<\/div>\n","protected":false},"excerpt":{"rendered":"<p>Tube acoustique en PVC, pr\u00e9-courb\u00e9 Couleur : transparent Paquet de 10 pi\u00e8ces<\/p>\n","protected":false},"featured_media":6921,"template":"","meta":[],"product_brand":[],"product_cat":[467],"product_tag":[],"class_list":{"0":"post-10023","1":"product","2":"type-product","3":"status-publish","4":"has-post-thumbnail","6":"product_cat-atelier-empreintes","7":"tm-no-options","9":"first","10":"instock","11":"taxable","12":"shipping-taxable","13":"product-type-variable"},"_links":{"self":[{"href":"https:\/\/www.ocshop.ch\/fr\/wp-json\/wp\/v2\/product\/10023","targetHints":{"allow":["GET"]}}],"collection":[{"href":"https:\/\/www.ocshop.ch\/fr\/wp-json\/wp\/v2\/product"}],"about":[{"href":"https:\/\/www.ocshop.ch\/fr\/wp-json\/wp\/v2\/types\/product"}],"wp:featuredmedia":[{"embeddable":true,"href":"https:\/\/www.ocshop.ch\/fr\/wp-json\/wp\/v2\/media\/6921"}],"wp:attachment":[{"href":"https:\/\/www.ocshop.ch\/fr\/wp-json\/wp\/v2\/media?parent=10023"}],"wp:term":[{"taxonomy":"product_brand","embeddable":true,"href":"https:\/\/www.ocshop.ch\/fr\/wp-json\/wp\/v2\/product_brand?post=10023"},{"taxonomy":"product_cat","embeddable":true,"href":"https:\/\/www.ocshop.ch\/fr\/wp-json\/wp\/v2\/product_cat?post=10023"},{"taxonomy":"product_tag","embeddable":true,"href":"https:\/\/www.ocshop.ch\/fr\/wp-json\/wp\/v2\/product_tag?post=10023"}],"curies":[{"name":"wp","href":"https:\/\/api.w.org\/{rel}","templated":true}]}}