{"id":10019,"date":"2011-03-17T11:06:57","date_gmt":"2011-03-17T09:06:57","guid":{"rendered":"https:\/\/shoptest.ocshop.ch\/produkt\/ventilette-standard-rouge-rubis\/"},"modified":"2011-03-17T11:06:57","modified_gmt":"2011-03-17T09:06:57","slug":"ventilette-standard-rouge-rubis","status":"publish","type":"product","link":"https:\/\/www.ocshop.ch\/fr\/produkt\/ventilette-standard-rouge-rubis\/","title":{"rendered":"Ventilette &#8211; Standard, rouge rubis"},"content":{"rendered":"<div class=\"variant-description\">Chaufferette\/ventilette pour plier les tubes acoustiques afin d&rsquo;obtenir une adaptation anatomique exacte et individuelle.<br \/>\nLivr\u00e9e avec r\u00e9cipient et buse de chauffage ponctuel. Temp\u00e9rature au-dessus de la buse max. 300 \u00b0C, dans le r\u00e9cipient max. 250 \u00b0C.<\/div>\n<div class=\"variant-name\">Chaufferette &#8211; standard, rouge rubis, 230 V<\/div>\n<div class=\"product-specs-box\">\n<div class=\"specification-wrapper\"><span class=\"specification-name\">Puissance :\u00a0<\/span><span class=\"specification-value\">250 W<\/span><\/div>\n<div class=\"specification-wrapper\"><span class=\"specification-name\">Hauteur avec pot :\u00a0<\/span><span class=\"specification-value\">225 mm<\/span><\/div>\n<div class=\"specification-wrapper\"><span class=\"specification-name\">Poids :\u00a0<\/span><span class=\"specification-value\">1,6 kg<\/span><\/div>\n<div class=\"specification-wrapper\"><span class=\"specification-name\">Dimensions avec pied :\u00a0<\/span><span class=\"specification-value\">100 x 150 mm<\/span><\/div>\n<div class=\"specification-wrapper\"><span class=\"specification-name\">Tension :\u00a0<\/span><span class=\"specification-value\">230 V<\/span><\/div>\n<div class=\"specification-wrapper\"><span class=\"specification-name\">Couleur :\u00a0<\/span><span class=\"specification-value\">rouge rubis<\/span><\/div>\n<\/div>\n","protected":false},"excerpt":{"rendered":"<p>Chaufferette\/ventilette pour plier les tubes acoustiques afin d&rsquo;obtenir une adaptation anatomique exacte et individuelle. Livr\u00e9e avec r\u00e9cipient et buse de chauffage ponctuel. Temp\u00e9rature au-dessus de la buse max. 300 \u00b0C, dans le r\u00e9cipient max. 250 \u00b0C. Chaufferette &#8211; standard, rouge rubis, 230 V Puissance :\u00a0250 W Hauteur avec pot :\u00a0225 mm Poids :\u00a01,6 kg Dimensions [&hellip;]<\/p>\n","protected":false},"featured_media":7229,"template":"","meta":[],"product_brand":[],"product_cat":[467],"product_tag":[],"class_list":{"0":"post-10019","1":"product","2":"type-product","3":"status-publish","4":"has-post-thumbnail","6":"product_cat-atelier-empreintes","7":"tm-no-options","9":"first","10":"instock","11":"taxable","12":"shipping-taxable","13":"product-type-simple"},"_links":{"self":[{"href":"https:\/\/www.ocshop.ch\/fr\/wp-json\/wp\/v2\/product\/10019","targetHints":{"allow":["GET"]}}],"collection":[{"href":"https:\/\/www.ocshop.ch\/fr\/wp-json\/wp\/v2\/product"}],"about":[{"href":"https:\/\/www.ocshop.ch\/fr\/wp-json\/wp\/v2\/types\/product"}],"wp:featuredmedia":[{"embeddable":true,"href":"https:\/\/www.ocshop.ch\/fr\/wp-json\/wp\/v2\/media\/7229"}],"wp:attachment":[{"href":"https:\/\/www.ocshop.ch\/fr\/wp-json\/wp\/v2\/media?parent=10019"}],"wp:term":[{"taxonomy":"product_brand","embeddable":true,"href":"https:\/\/www.ocshop.ch\/fr\/wp-json\/wp\/v2\/product_brand?post=10019"},{"taxonomy":"product_cat","embeddable":true,"href":"https:\/\/www.ocshop.ch\/fr\/wp-json\/wp\/v2\/product_cat?post=10019"},{"taxonomy":"product_tag","embeddable":true,"href":"https:\/\/www.ocshop.ch\/fr\/wp-json\/wp\/v2\/product_tag?post=10019"}],"curies":[{"name":"wp","href":"https:\/\/api.w.org\/{rel}","templated":true}]}}