{"id":10018,"date":"2011-03-17T11:07:00","date_gmt":"2011-03-17T09:07:00","guid":{"rendered":"https:\/\/shoptest.ocshop.ch\/produkt\/colle-uniglue-2-10g\/"},"modified":"2011-03-17T11:07:00","modified_gmt":"2011-03-17T09:07:00","slug":"colle-uniglue-2-10g","status":"publish","type":"product","link":"https:\/\/www.ocshop.ch\/fr\/produkt\/colle-uniglue-2-10g\/","title":{"rendered":"Colle uniglue\/2, 10g"},"content":{"rendered":"<div class=\"short-description\">Colle instantan\u00e9e \u00e0 base de cyanoacrylate, \u00e9coulement sp\u00e9cialement ajust\u00e9, pour le collage de tubes acoustiques, de coudes, de face-plates sur des embouts creux, etc.. En association avec primer\/2 (REF 39701), convient \u00e9galement pour les embouts en silicone.<\/div>\n<div class=\"additional-details\"><\/div>\n<div class=\"product-collateral\">\n<div class=\"product-specs-box\">\n<div class=\"specification-wrapper\"><span class=\"specification-name\">Temp\u00e9rature de stockage :\u00a0<\/span><span class=\"specification-value\">2 &#8211; 10\u00b0 C<\/span><\/div>\n<div class=\"specification-wrapper\"><span class=\"specification-name\">Temp\u00e9rature de traitement :\u00a0<\/span><span class=\"specification-value\">18 &#8211; 25\u00b0C<\/span><\/div>\n<\/div>\n<\/div>\n","protected":false},"excerpt":{"rendered":"<p>Colle instantan\u00e9e \u00e0 base de cyanoacrylate, \u00e9coulement sp\u00e9cialement ajust\u00e9, pour le collage de tubes acoustiques, de coudes, de face-plates sur des embouts creux, etc.. En association avec primer\/2 (REF 39701), convient \u00e9galement pour les embouts en silicone. Temp\u00e9rature de stockage :\u00a02 &#8211; 10\u00b0 C Temp\u00e9rature de traitement :\u00a018 &#8211; 25\u00b0C<\/p>\n","protected":false},"featured_media":7214,"template":"","meta":[],"product_brand":[],"product_cat":[467],"product_tag":[],"class_list":{"0":"post-10018","1":"product","2":"type-product","3":"status-publish","4":"has-post-thumbnail","6":"product_cat-atelier-empreintes","7":"tm-no-options","9":"first","10":"instock","11":"taxable","12":"shipping-taxable","13":"product-type-simple"},"_links":{"self":[{"href":"https:\/\/www.ocshop.ch\/fr\/wp-json\/wp\/v2\/product\/10018","targetHints":{"allow":["GET"]}}],"collection":[{"href":"https:\/\/www.ocshop.ch\/fr\/wp-json\/wp\/v2\/product"}],"about":[{"href":"https:\/\/www.ocshop.ch\/fr\/wp-json\/wp\/v2\/types\/product"}],"wp:featuredmedia":[{"embeddable":true,"href":"https:\/\/www.ocshop.ch\/fr\/wp-json\/wp\/v2\/media\/7214"}],"wp:attachment":[{"href":"https:\/\/www.ocshop.ch\/fr\/wp-json\/wp\/v2\/media?parent=10018"}],"wp:term":[{"taxonomy":"product_brand","embeddable":true,"href":"https:\/\/www.ocshop.ch\/fr\/wp-json\/wp\/v2\/product_brand?post=10018"},{"taxonomy":"product_cat","embeddable":true,"href":"https:\/\/www.ocshop.ch\/fr\/wp-json\/wp\/v2\/product_cat?post=10018"},{"taxonomy":"product_tag","embeddable":true,"href":"https:\/\/www.ocshop.ch\/fr\/wp-json\/wp\/v2\/product_tag?post=10018"}],"curies":[{"name":"wp","href":"https:\/\/api.w.org\/{rel}","templated":true}]}}