{"id":10010,"date":"2011-03-17T11:07:18","date_gmt":"2011-03-17T11:07:18","guid":{"rendered":"https:\/\/shoptest.ocshop.ch\/produkt\/loupe-de-table-standard\/"},"modified":"2025-09-23T11:40:05","modified_gmt":"2025-09-23T09:40:05","slug":"loupe-de-table-standard","status":"publish","type":"product","link":"https:\/\/www.ocshop.ch\/fr\/produkt\/loupe-de-table-standard\/","title":{"rendered":"Loupe de table standard"},"content":{"rendered":"<p>&#8211; lumi\u00e8re de travail LED blanche et claire (6500 K), 60 LED<br \/>\n&#8211; seulement 10 W de consommation \u00e9lectrique &#8211; environ 60 % de consommation d&rsquo;\u00e9nergie en moins<br \/>\n&#8211; pas de scintillement, lumi\u00e8re pleine et imm\u00e9diate, uniform\u00e9ment r\u00e9partie<br \/>\n&#8211; LED longue dur\u00e9e : jusqu&rsquo;\u00e0 20 000 heures de fonctionnement<br \/>\n&#8211; bras articul\u00e9 stable, 80 cm de long &#8211; suffisant pour l&rsquo;ensemble du poste de travail<br \/>\n&#8211; pince de table robuste jusqu&rsquo;\u00e0 65 mm<br \/>\n&#8211; syst\u00e8me de ressorts de maintien stable et sans entretien &#8211;<br \/>\n&#8211; loupe en verre v\u00e9ritable, \u00f8 150 mm, grossissement 2,25x (5 dioptries)<br \/>\n&#8211; couvercle de protection pour la lentille<br \/>\n&#8211; grossissement sans distorsion sur toute la surface de la lentille<br \/>\n&#8211; fonctionnement direct sur 230 V (pas de transformateur)<\/p>\n<p>Consommation \u00e9lectrique (en fonctionnement) : 10 W<\/p>\n<p>Prise de courant : prise europ\u00e9enne (aucun adaptateur pour la Suisse n&rsquo;est fourni)<\/p>\n<p>Nombre de LED : 60<br \/>\nDiam\u00e8tre de la lentille : 150 mm<br \/>\nMat\u00e9riau de la lentille : Verre v\u00e9ritable<br \/>\nCouvercle de lentille : Oui<br \/>\nGrossissement : 2,25x (5 dioptries)<br \/>\nCouleur de la lumi\u00e8re : Blanc froid<br \/>\nTemp\u00e9rature de couleur : 6500 K<br \/>\nLongueur du c\u00e2ble de connexion : Env. 1,5 m<br \/>\nFixation : Pince de table<br \/>\nPlage de serrage de la fixation de table : 0-65 mm<br \/>\nDur\u00e9e de vie des LED : Env. 20 000 h<br \/>\nLongueur du bras articul\u00e9 : Env. 800 mm<br \/>\nPoids : Env. 3,9 kg<br \/>\nFlux lumineux : 730 lm<\/p>\n","protected":false},"excerpt":{"rendered":"<p>&#8211; lumi\u00e8re de travail LED blanche et claire (6500 K), 60 LED &#8211; seulement 10 W de consommation \u00e9lectrique &#8211; environ 60 % de consommation d&rsquo;\u00e9nergie en moins &#8211; pas de scintillement, lumi\u00e8re pleine et imm\u00e9diate, uniform\u00e9ment r\u00e9partie &#8211; LED longue dur\u00e9e : jusqu&rsquo;\u00e0 20 000 heures de fonctionnement &#8211; bras articul\u00e9 stable, 80 cm [&hellip;]<\/p>\n","protected":false},"featured_media":7237,"template":"","meta":[],"product_brand":[],"product_cat":[467],"product_tag":[],"class_list":{"0":"post-10010","1":"product","2":"type-product","3":"status-publish","4":"has-post-thumbnail","6":"product_cat-atelier-empreintes","7":"tm-no-options","9":"first","10":"instock","11":"taxable","12":"shipping-taxable","13":"product-type-simple"},"_links":{"self":[{"href":"https:\/\/www.ocshop.ch\/fr\/wp-json\/wp\/v2\/product\/10010","targetHints":{"allow":["GET"]}}],"collection":[{"href":"https:\/\/www.ocshop.ch\/fr\/wp-json\/wp\/v2\/product"}],"about":[{"href":"https:\/\/www.ocshop.ch\/fr\/wp-json\/wp\/v2\/types\/product"}],"wp:featuredmedia":[{"embeddable":true,"href":"https:\/\/www.ocshop.ch\/fr\/wp-json\/wp\/v2\/media\/7237"}],"wp:attachment":[{"href":"https:\/\/www.ocshop.ch\/fr\/wp-json\/wp\/v2\/media?parent=10010"}],"wp:term":[{"taxonomy":"product_brand","embeddable":true,"href":"https:\/\/www.ocshop.ch\/fr\/wp-json\/wp\/v2\/product_brand?post=10010"},{"taxonomy":"product_cat","embeddable":true,"href":"https:\/\/www.ocshop.ch\/fr\/wp-json\/wp\/v2\/product_cat?post=10010"},{"taxonomy":"product_tag","embeddable":true,"href":"https:\/\/www.ocshop.ch\/fr\/wp-json\/wp\/v2\/product_tag?post=10010"}],"curies":[{"name":"wp","href":"https:\/\/api.w.org\/{rel}","templated":true}]}}