{"id":10006,"date":"2011-03-17T11:07:12","date_gmt":"2011-03-17T09:07:12","guid":{"rendered":"https:\/\/shoptest.ocshop.ch\/produkt\/elmasonic-easy-10-230-v\/"},"modified":"2011-03-17T11:07:12","modified_gmt":"2011-03-17T09:07:12","slug":"elmasonic-easy-10-230-v","status":"publish","type":"product","link":"https:\/\/www.ocshop.ch\/fr\/produkt\/elmasonic-easy-10-230-v\/","title":{"rendered":"Elmasonic Easy 10, 230 V"},"content":{"rendered":"<div class=\"short-description\">Appareil de nettoyage \u00e0 ultrasons pratique et performant avec un tr\u00e8s bon rapport qualit\u00e9\/prix. L&rsquo;appareil id\u00e9al pour un centre auditif ou en salle blanche. Design agr\u00e9able et facile d&rsquo;entretien, bo\u00eetier en acier inoxydable avec minuterie \u00e9lectronique.<\/div>\n<div class=\"additional-details\"><\/div>\n<div class=\"product-collateral\">\n<div class=\"product-specs-box\">\n<div class=\"specification-wrapper\"><span class=\"specification-name\">Fr\u00e9quence supra-acoustique :\u00a0<\/span><span class=\"specification-value\">37 kHz<\/span><\/div>\n<div class=\"specification-wrapper\"><span class=\"specification-name\">Puissance absorb\u00e9e :\u00a0<\/span><span class=\"specification-value\">30 W<\/span><\/div>\n<div class=\"specification-wrapper\"><span class=\"specification-name\">Contenu :\u00a0<\/span><span class=\"specification-value\">0,9 l<\/span><\/div>\n<div class=\"specification-wrapper\"><span class=\"specification-name\">Dimensions int\u00e9rieures :\u00a0<\/span><span class=\"specification-value\">185 x 80 x 55 mm<\/span><\/div>\n<div class=\"specification-wrapper\"><span class=\"specification-name\">Dimensions ext\u00e9rieures :\u00a0<\/span><span class=\"specification-value\">235 x 135 x 200 mm<\/span><\/div>\n<div class=\"specification-wrapper\"><span class=\"specification-name\">Poids :\u00a0<\/span><span class=\"specification-value\">2 kg<\/span><\/div>\n<\/div>\n<\/div>\n","protected":false},"excerpt":{"rendered":"<p>Appareil de nettoyage \u00e0 ultrasons pratique et performant avec un tr\u00e8s bon rapport qualit\u00e9\/prix. L&rsquo;appareil id\u00e9al pour un centre auditif ou en salle blanche. Design agr\u00e9able et facile d&rsquo;entretien, bo\u00eetier en acier inoxydable avec minuterie \u00e9lectronique. Fr\u00e9quence supra-acoustique :\u00a037 kHz Puissance absorb\u00e9e :\u00a030 W Contenu :\u00a00,9 l Dimensions int\u00e9rieures :\u00a0185 x 80 x 55 mm [&hellip;]<\/p>\n","protected":false},"featured_media":7245,"template":"","meta":[],"product_brand":[],"product_cat":[467],"product_tag":[],"class_list":{"0":"post-10006","1":"product","2":"type-product","3":"status-publish","4":"has-post-thumbnail","6":"product_cat-atelier-empreintes","7":"tm-no-options","9":"first","10":"instock","11":"taxable","12":"shipping-taxable","13":"product-type-simple"},"_links":{"self":[{"href":"https:\/\/www.ocshop.ch\/fr\/wp-json\/wp\/v2\/product\/10006","targetHints":{"allow":["GET"]}}],"collection":[{"href":"https:\/\/www.ocshop.ch\/fr\/wp-json\/wp\/v2\/product"}],"about":[{"href":"https:\/\/www.ocshop.ch\/fr\/wp-json\/wp\/v2\/types\/product"}],"wp:featuredmedia":[{"embeddable":true,"href":"https:\/\/www.ocshop.ch\/fr\/wp-json\/wp\/v2\/media\/7245"}],"wp:attachment":[{"href":"https:\/\/www.ocshop.ch\/fr\/wp-json\/wp\/v2\/media?parent=10006"}],"wp:term":[{"taxonomy":"product_brand","embeddable":true,"href":"https:\/\/www.ocshop.ch\/fr\/wp-json\/wp\/v2\/product_brand?post=10006"},{"taxonomy":"product_cat","embeddable":true,"href":"https:\/\/www.ocshop.ch\/fr\/wp-json\/wp\/v2\/product_cat?post=10006"},{"taxonomy":"product_tag","embeddable":true,"href":"https:\/\/www.ocshop.ch\/fr\/wp-json\/wp\/v2\/product_tag?post=10006"}],"curies":[{"name":"wp","href":"https:\/\/api.w.org\/{rel}","templated":true}]}}