{"id":10002,"date":"2011-03-17T11:07:59","date_gmt":"2011-03-17T09:07:59","guid":{"rendered":"https:\/\/shoptest.ocshop.ch\/produkt\/peltor-kid-vert-neon\/"},"modified":"2011-03-17T11:07:59","modified_gmt":"2011-03-17T09:07:59","slug":"peltor-kid-vert-neon","status":"publish","type":"product","link":"https:\/\/www.ocshop.ch\/fr\/produkt\/peltor-kid-vert-neon\/","title":{"rendered":"Peltor Kid, vert n\u00e9on"},"content":{"rendered":"<p>Protection auditive confortable et efficace pour les jeunes porteurs de plus de cinq ans. La couleur rose n\u00e9on est bien visible et augmente ainsi la s\u00e9curit\u00e9.<\/p>\n<p>Les coussinets larges et souples r\u00e9duisent la pression et l&rsquo;accumulation de chaleur, offrant ainsi un confort am\u00e9lior\u00e9.<\/p>\n","protected":false},"excerpt":{"rendered":"<p>Protection auditive confortable et efficace pour les jeunes porteurs de plus de cinq ans. La couleur rose n\u00e9on est bien visible et augmente ainsi la s\u00e9curit\u00e9. Les coussinets larges et souples r\u00e9duisent la pression et l&rsquo;accumulation de chaleur, offrant ainsi un confort am\u00e9lior\u00e9.<\/p>\n","protected":false},"featured_media":7182,"template":"","meta":[],"product_brand":[],"product_cat":[502],"product_tag":[],"class_list":{"0":"post-10002","1":"product","2":"type-product","3":"status-publish","4":"has-post-thumbnail","6":"product_cat-protection-auditive-universelle","7":"tm-no-options","9":"first","10":"instock","11":"taxable","12":"shipping-taxable","13":"product-type-simple"},"_links":{"self":[{"href":"https:\/\/www.ocshop.ch\/fr\/wp-json\/wp\/v2\/product\/10002","targetHints":{"allow":["GET"]}}],"collection":[{"href":"https:\/\/www.ocshop.ch\/fr\/wp-json\/wp\/v2\/product"}],"about":[{"href":"https:\/\/www.ocshop.ch\/fr\/wp-json\/wp\/v2\/types\/product"}],"wp:featuredmedia":[{"embeddable":true,"href":"https:\/\/www.ocshop.ch\/fr\/wp-json\/wp\/v2\/media\/7182"}],"wp:attachment":[{"href":"https:\/\/www.ocshop.ch\/fr\/wp-json\/wp\/v2\/media?parent=10002"}],"wp:term":[{"taxonomy":"product_brand","embeddable":true,"href":"https:\/\/www.ocshop.ch\/fr\/wp-json\/wp\/v2\/product_brand?post=10002"},{"taxonomy":"product_cat","embeddable":true,"href":"https:\/\/www.ocshop.ch\/fr\/wp-json\/wp\/v2\/product_cat?post=10002"},{"taxonomy":"product_tag","embeddable":true,"href":"https:\/\/www.ocshop.ch\/fr\/wp-json\/wp\/v2\/product_tag?post=10002"}],"curies":[{"name":"wp","href":"https:\/\/api.w.org\/{rel}","templated":true}]}}