{"id":10000,"date":"2011-03-17T11:08:45","date_gmt":"2011-03-17T09:08:45","guid":{"rendered":"https:\/\/shoptest.ocshop.ch\/produkt\/egger-seringue-de-prise-dempreinte-oe-3-mm\/"},"modified":"2011-03-17T11:08:45","modified_gmt":"2011-03-17T09:08:45","slug":"egger-seringue-de-prise-dempreinte-oe-3-mm","status":"publish","type":"product","link":"https:\/\/www.ocshop.ch\/fr\/produkt\/egger-seringue-de-prise-dempreinte-oe-3-mm\/","title":{"rendered":"egger Seringue de prise d&#8217;empreinte, \u00d8 3 mm"},"content":{"rendered":"<div class=\"variant-description\">Syst\u00e8me \u00e0 double piston avec cylindre transparent qui permet une injection de fa\u00e7on bien r\u00e9guli\u00e8re du mat\u00e9riel silicone, remplissage simple. Le cylindre transparent permet de voir et de contr\u00f4ler le processus d&rsquo;injection.<\/div>\n<div><\/div>\n<div class=\"variant-name\">egger seringue (bleue) de prise d&#8217;empreinte pour petits conduits + empreintes CIC, diam\u00e8tre de la pointe : 3 mm<\/div>\n<div class=\"product-specs-box\">\n<div class=\"specification-wrapper\"><span class=\"specification-name\">Diam\u00e8tre :\u00a0<\/span><span class=\"specification-value\">3 mm<\/span><\/div>\n<\/div>\n","protected":false},"excerpt":{"rendered":"<p>Syst\u00e8me \u00e0 double piston avec cylindre transparent qui permet une injection de fa\u00e7on bien r\u00e9guli\u00e8re du mat\u00e9riel silicone, remplissage simple. Le cylindre transparent permet de voir et de contr\u00f4ler le processus d&rsquo;injection. egger seringue (bleue) de prise d&#8217;empreinte pour petits conduits + empreintes CIC, diam\u00e8tre de la pointe : 3 mm Diam\u00e8tre :\u00a03 mm<\/p>\n","protected":false},"featured_media":7148,"template":"","meta":[],"product_brand":[],"product_cat":[467],"product_tag":[],"class_list":{"0":"post-10000","1":"product","2":"type-product","3":"status-publish","4":"has-post-thumbnail","6":"product_cat-atelier-empreintes","7":"tm-no-options","9":"first","10":"instock","11":"taxable","12":"shipping-taxable","13":"product-type-simple"},"_links":{"self":[{"href":"https:\/\/www.ocshop.ch\/fr\/wp-json\/wp\/v2\/product\/10000","targetHints":{"allow":["GET"]}}],"collection":[{"href":"https:\/\/www.ocshop.ch\/fr\/wp-json\/wp\/v2\/product"}],"about":[{"href":"https:\/\/www.ocshop.ch\/fr\/wp-json\/wp\/v2\/types\/product"}],"wp:featuredmedia":[{"embeddable":true,"href":"https:\/\/www.ocshop.ch\/fr\/wp-json\/wp\/v2\/media\/7148"}],"wp:attachment":[{"href":"https:\/\/www.ocshop.ch\/fr\/wp-json\/wp\/v2\/media?parent=10000"}],"wp:term":[{"taxonomy":"product_brand","embeddable":true,"href":"https:\/\/www.ocshop.ch\/fr\/wp-json\/wp\/v2\/product_brand?post=10000"},{"taxonomy":"product_cat","embeddable":true,"href":"https:\/\/www.ocshop.ch\/fr\/wp-json\/wp\/v2\/product_cat?post=10000"},{"taxonomy":"product_tag","embeddable":true,"href":"https:\/\/www.ocshop.ch\/fr\/wp-json\/wp\/v2\/product_tag?post=10000"}],"curies":[{"name":"wp","href":"https:\/\/api.w.org\/{rel}","templated":true}]}}