{"id":10895,"date":"2024-04-17T20:24:08","date_gmt":"2024-04-17T18:24:08","guid":{"rendered":"https:\/\/www.ocshop.ch\/panier-dachat\/"},"modified":"2024-08-25T22:37:03","modified_gmt":"2024-08-25T20:37:03","slug":"panier-dachat","status":"publish","type":"page","link":"https:\/\/www.ocshop.ch\/fr\/panier-dachat\/","title":{"rendered":"Panier d&rsquo;achat"},"content":{"rendered":"\n<div data-block-name=\"woocommerce\/cart\" class=\"wp-block-woocommerce-cart alignwide is-loading\">\n<div data-block-name=\"woocommerce\/filled-cart-block\" class=\"wp-block-woocommerce-filled-cart-block\">\n<div data-block-name=\"woocommerce\/cart-items-block\" class=\"wp-block-woocommerce-cart-items-block\">\n<div data-block-name=\"woocommerce\/cart-line-items-block\" class=\"wp-block-woocommerce-cart-line-items-block\"><\/div>\n\n\n\n<div data-block-name=\"woocommerce\/cart-cross-sells-block\" class=\"wp-block-woocommerce-cart-cross-sells-block\">\n<h2 class=\"wp-block-heading has-large-font-size\">Cela pourrait t&rsquo;int\u00e9resser &#8230;<\/h2>\n\n\n\n<div data-block-name=\"woocommerce\/cart-cross-sells-products-block\" class=\"wp-block-woocommerce-cart-cross-sells-products-block\"><\/div>\n<\/div>\n<\/div>\n\n\n\n<div data-block-name=\"woocommerce\/cart-totals-block\" class=\"wp-block-woocommerce-cart-totals-block\">\n<div data-block-name=\"woocommerce\/cart-order-summary-block\" class=\"wp-block-woocommerce-cart-order-summary-block\">\n<div data-block-name=\"woocommerce\/cart-order-summary-heading-block\" data-content=\"Somme du panier\" class=\"wp-block-woocommerce-cart-order-summary-heading-block\"><\/div>\n\n\n\n<div data-block-name=\"woocommerce\/cart-order-summary-coupon-form-block\" class=\"wp-block-woocommerce-cart-order-summary-coupon-form-block\"><\/div>\n\n\n\n<div data-block-name=\"woocommerce\/cart-order-summary-totals-block\" class=\"wp-block-woocommerce-cart-order-summary-totals-block\">\n<div data-block-name=\"woocommerce\/cart-order-summary-subtotal-block\" class=\"wp-block-woocommerce-cart-order-summary-subtotal-block\"><\/div>\n\n\n\n<div data-block-name=\"woocommerce\/cart-order-summary-fee-block\" class=\"wp-block-woocommerce-cart-order-summary-fee-block\"><\/div>\n\n\n\n<div data-block-name=\"woocommerce\/cart-order-summary-discount-block\" class=\"wp-block-woocommerce-cart-order-summary-discount-block\"><\/div>\n\n\n\n<div data-block-name=\"woocommerce\/cart-order-summary-shipping-block\" class=\"wp-block-woocommerce-cart-order-summary-shipping-block\"><\/div>\n\n\n\n<div data-block-name=\"woocommerce\/cart-order-summary-taxes-block\" class=\"wp-block-woocommerce-cart-order-summary-taxes-block\"><\/div>\n<\/div>\n<\/div>\n\n\n\n<div data-block-name=\"woocommerce\/cart-express-payment-block\" class=\"wp-block-woocommerce-cart-express-payment-block\"><\/div>\n\n\n\n<div data-block-name=\"woocommerce\/proceed-to-checkout-block\" class=\"wp-block-woocommerce-proceed-to-checkout-block\"><\/div>\n\n\n\n<div data-block-name=\"woocommerce\/cart-accepted-payment-methods-block\" class=\"wp-block-woocommerce-cart-accepted-payment-methods-block\"><\/div>\n<\/div>\n<\/div>\n\n\n\n<div data-block-name=\"woocommerce\/empty-cart-block\" class=\"wp-block-woocommerce-empty-cart-block\">\n<h2 class=\"wp-block-heading has-text-align-center with-empty-cart-icon wc-block-cart__empty-cart__title is-style-default\">Ton panier est actuellement vide !<\/h2>\n\n\n\n<hr class=\"wp-block-separator has-alpha-channel-opacity is-style-dots\"\/>\n\n\n\n<h2 class=\"wp-block-heading has-text-align-center\">Nouveau dans la boutique<\/h2>\n\n\n<div data-block-name=\"woocommerce\/product-new\" data-columns=\"5\" data-content-visibility=\"{&quot;image&quot;:true,&quot;title&quot;:true,&quot;price&quot;:true,&quot;rating&quot;:false,&quot;button&quot;:true}\" data-rows=\"1\" data-stock-status=\"[&quot;&quot;,&quot;&quot;,&quot;&quot;,&quot;instock&quot;,&quot;outofstock&quot;]\" class=\"wc-block-grid wp-block-product-new wp-block-woocommerce-product-new wc-block-product-new has-5-columns\"><ul class=\"wc-block-grid__products\"><li class=\"wc-block-grid__product\">\n\t\t\t\t<a href=\"https:\/\/www.ocshop.ch\/fr\/produkt\/alpine-musicsafe-1-paire-avec-etui-y-compris-une-paire-de-filtres-supplementaires-kopie\/\" class=\"wc-block-grid__product-link\">\n\t\t\t\t\t\n\t\t\t\t\t<div class=\"wc-block-grid__product-image\"><img fetchpriority=\"high\" decoding=\"async\" width=\"360\" height=\"432\" src=\"https:\/\/www.ocshop.ch\/wp-content\/uploads\/2026\/04\/Alpine-Pluggies-Kids-360x432.jpg\" class=\"attachment-woocommerce_thumbnail size-woocommerce_thumbnail\" alt=\"Alpine Pluggies Kids\u00ae, 1 paire dans une bo\u00eete en plastique\" \/><\/div>\n\t\t\t\t\t<div class=\"wc-block-grid__product-title\">Alpine Pluggies Kids\u00ae, 1 paire dans une bo\u00eete en plastique<\/div>\n\t\t\t\t<\/a>\n\t\t\t\t<div class=\"wc-block-grid__product-price price\">Preis sichtbar nach Login <small><\/small><\/div>\n\t\t\t\t\n\t\t\t\t<div class=\"wp-block-button wc-block-grid__product-add-to-cart\"><a href=\"https:\/\/www.ocshop.ch\/fr\/produkt\/alpine-musicsafe-1-paire-avec-etui-y-compris-une-paire-de-filtres-supplementaires-kopie\/\" aria-label=\"En savoir plus sur &ldquo;Alpine Pluggies Kids\u00ae, 1 paire dans une bo\u00eete en plastique&rdquo;\" data-quantity=\"1\" data-product_id=\"15882\" data-product_sku=\"10022-0060\" data-price=\"15.9\" rel=\"nofollow\" class=\"wp-block-button__link wp-element-button add_to_cart_button\">Lire la suite<\/a><\/div>\n\t\t\t<\/li><li class=\"wc-block-grid__product\">\n\t\t\t\t<a href=\"https:\/\/www.ocshop.ch\/fr\/produkt\/brucelle-fine-et-courbee-kopie\/\" class=\"wc-block-grid__product-link\">\n\t\t\t\t\t\n\t\t\t\t\t<div class=\"wc-block-grid__product-image\"><img decoding=\"async\" width=\"360\" height=\"432\" src=\"https:\/\/www.ocshop.ch\/wp-content\/uploads\/2026\/03\/Abformpinzette-360x432.png\" class=\"attachment-woocommerce_thumbnail size-woocommerce_thumbnail\" alt=\"Pince \u00e0 empreinte\" \/><\/div>\n\t\t\t\t\t<div class=\"wc-block-grid__product-title\">Pince \u00e0 empreinte<\/div>\n\t\t\t\t<\/a>\n\t\t\t\t<div class=\"wc-block-grid__product-price price\">Preis sichtbar nach Login <small><\/small><\/div>\n\t\t\t\t\n\t\t\t\t<div class=\"wp-block-button wc-block-grid__product-add-to-cart\"><a href=\"https:\/\/www.ocshop.ch\/fr\/produkt\/brucelle-fine-et-courbee-kopie\/\" aria-label=\"En savoir plus sur &ldquo;Pince \u00e0 empreinte&rdquo;\" data-quantity=\"1\" data-product_id=\"15612\" data-product_sku=\"10302-0003\" data-price=\"25.86\" rel=\"nofollow\" class=\"wp-block-button__link wp-element-button add_to_cart_button\">Lire la suite<\/a><\/div>\n\t\t\t<\/li><li class=\"wc-block-grid__product\">\n\t\t\t\t<a href=\"https:\/\/www.ocshop.ch\/fr\/produkt\/cedis-airpower-spray-kopie\/\" class=\"wc-block-grid__product-link\">\n\t\t\t\t\t\n\t\t\t\t\t<div class=\"wc-block-grid__product-image\"><img decoding=\"async\" width=\"360\" height=\"432\" src=\"https:\/\/www.ocshop.ch\/wp-content\/uploads\/2025\/11\/VIKING-400ml-1-360x432.jpg\" class=\"attachment-woocommerce_thumbnail size-woocommerce_thumbnail\" alt=\"A\u00e9rosol \u00e0 air comprim\u00e9 VIKING sans HFC 400 ml\" \/><\/div>\n\t\t\t\t\t<div class=\"wc-block-grid__product-title\">A\u00e9rosol \u00e0 air comprim\u00e9 VIKING sans HFC 400 ml<\/div>\n\t\t\t\t<\/a>\n\t\t\t\t<div class=\"wc-block-grid__product-price price\">Preis sichtbar nach Login <small><\/small><\/div>\n\t\t\t\t\n\t\t\t\t<div class=\"wp-block-button wc-block-grid__product-add-to-cart\"><a href=\"https:\/\/www.ocshop.ch\/fr\/produkt\/cedis-airpower-spray-kopie\/\" aria-label=\"En savoir plus sur &ldquo;A\u00e9rosol \u00e0 air comprim\u00e9 VIKING sans HFC 400 ml&rdquo;\" data-quantity=\"1\" data-product_id=\"14788\" data-product_sku=\"200806-1196732\" data-price=\"8.6\" rel=\"nofollow\" class=\"wp-block-button__link wp-element-button add_to_cart_button\">Lire la suite<\/a><\/div>\n\t\t\t<\/li><li class=\"wc-block-grid__product\">\n\t\t\t\t<a href=\"https:\/\/www.ocshop.ch\/fr\/produkt\/embouts-bionix-otoclear-40-pieces\/\" class=\"wc-block-grid__product-link\">\n\t\t\t\t\t\n\t\t\t\t\t<div class=\"wc-block-grid__product-image\"><img loading=\"lazy\" decoding=\"async\" width=\"360\" height=\"432\" src=\"https:\/\/www.ocshop.ch\/wp-content\/uploads\/2025\/09\/Bionix-OtoClear-Tips-360x432.png\" class=\"attachment-woocommerce_thumbnail size-woocommerce_thumbnail\" alt=\"Embouts Bionix OtoClear (40 pi\u00e8ces)\" \/><\/div>\n\t\t\t\t\t<div class=\"wc-block-grid__product-title\">Embouts Bionix OtoClear (40 pi\u00e8ces)<\/div>\n\t\t\t\t<\/a>\n\t\t\t\t<div class=\"wc-block-grid__product-price price\">Preis sichtbar nach Login <small><\/small><\/div>\n\t\t\t\t\n\t\t\t\t<div class=\"wp-block-button wc-block-grid__product-add-to-cart\"><a href=\"https:\/\/www.ocshop.ch\/fr\/produkt\/embouts-bionix-otoclear-40-pieces\/\" aria-label=\"En savoir plus sur &ldquo;Embouts Bionix OtoClear (40 pi\u00e8ces)&rdquo;\" data-quantity=\"1\" data-product_id=\"14447\" data-product_sku=\"200813-31911\" data-price=\"84.46\" rel=\"nofollow\" class=\"wp-block-button__link wp-element-button add_to_cart_button\">Lire la suite<\/a><\/div>\n\t\t\t<\/li><li class=\"wc-block-grid__product\">\n\t\t\t\t<a href=\"https:\/\/www.ocshop.ch\/fr\/produkt\/systeme-dirrigation-auriculaire-bionix-otoclear\/\" class=\"wc-block-grid__product-link\">\n\t\t\t\t\t\n\t\t\t\t\t<div class=\"wc-block-grid__product-image\"><img loading=\"lazy\" decoding=\"async\" width=\"360\" height=\"432\" src=\"https:\/\/www.ocshop.ch\/wp-content\/uploads\/2025\/09\/Bionix-OtoClear-Ohrspuelsystem-360x432.png\" class=\"attachment-woocommerce_thumbnail size-woocommerce_thumbnail\" alt=\"Syst\u00e8me d&#039;irrigation auriculaire Bionix OtoClear\" \/><\/div>\n\t\t\t\t\t<div class=\"wc-block-grid__product-title\">Syst\u00e8me d&rsquo;irrigation auriculaire Bionix OtoClear<\/div>\n\t\t\t\t<\/a>\n\t\t\t\t<div class=\"wc-block-grid__product-price price\">Preis sichtbar nach Login <small><\/small><\/div>\n\t\t\t\t\n\t\t\t\t<div class=\"wp-block-button wc-block-grid__product-add-to-cart\"><a href=\"https:\/\/www.ocshop.ch\/fr\/produkt\/systeme-dirrigation-auriculaire-bionix-otoclear\/\" aria-label=\"En savoir plus sur &ldquo;Syst\u00e8me d&#039;irrigation auriculaire Bionix OtoClear&rdquo;\" data-quantity=\"1\" data-product_id=\"14453\" data-product_sku=\"200813-31910\" data-price=\"110.44\" rel=\"nofollow\" class=\"wp-block-button__link wp-element-button add_to_cart_button\">Lire la suite<\/a><\/div>\n\t\t\t<\/li><\/ul><\/div><\/div>\n<\/div>\n","protected":false},"excerpt":{"rendered":"","protected":false},"author":1,"featured_media":0,"parent":0,"menu_order":0,"comment_status":"closed","ping_status":"closed","template":"","meta":{"footnotes":""},"class_list":["post-10895","page","type-page","status-publish","hentry"],"_links":{"self":[{"href":"https:\/\/www.ocshop.ch\/fr\/wp-json\/wp\/v2\/pages\/10895","targetHints":{"allow":["GET"]}}],"collection":[{"href":"https:\/\/www.ocshop.ch\/fr\/wp-json\/wp\/v2\/pages"}],"about":[{"href":"https:\/\/www.ocshop.ch\/fr\/wp-json\/wp\/v2\/types\/page"}],"author":[{"embeddable":true,"href":"https:\/\/www.ocshop.ch\/fr\/wp-json\/wp\/v2\/users\/1"}],"replies":[{"embeddable":true,"href":"https:\/\/www.ocshop.ch\/fr\/wp-json\/wp\/v2\/comments?post=10895"}],"version-history":[{"count":0,"href":"https:\/\/www.ocshop.ch\/fr\/wp-json\/wp\/v2\/pages\/10895\/revisions"}],"wp:attachment":[{"href":"https:\/\/www.ocshop.ch\/fr\/wp-json\/wp\/v2\/media?parent=10895"}],"curies":[{"name":"wp","href":"https:\/\/api.w.org\/{rel}","templated":true}]}}